{"id":105,"date":"2020-08-13T09:19:34","date_gmt":"2020-08-13T09:19:34","guid":{"rendered":"http:\/\/radiospectro.com\/?page_id=105"},"modified":"2022-10-13T22:48:24","modified_gmt":"2022-10-13T22:48:24","slug":"patrocinadores","status":"publish","type":"page","link":"https:\/\/radiospectro.com\/index.php\/patrocinadores\/","title":{"rendered":"PATROCINADORES"},"content":{"rendered":"\n<figure class=\"wp-block-image size-large\"><img loading=\"lazy\" decoding=\"async\" width=\"1024\" height=\"576\" src=\"https:\/\/radiospectro.com\/wp-content\/uploads\/2022\/01\/IDEA-1024x576.jpg\" alt=\"\" class=\"wp-image-517\" srcset=\"https:\/\/radiospectro.com\/wp-content\/uploads\/2022\/01\/IDEA-1024x576.jpg 1024w, https:\/\/radiospectro.com\/wp-content\/uploads\/2022\/01\/IDEA-300x169.jpg 300w, https:\/\/radiospectro.com\/wp-content\/uploads\/2022\/01\/IDEA-768x432.jpg 768w, https:\/\/radiospectro.com\/wp-content\/uploads\/2022\/01\/IDEA.jpg 1280w\" sizes=\"auto, (max-width: 1024px) 100vw, 1024px\" \/><figcaption><a href=\"https:\/\/www.facebook.com\/Institutodeexcelenciaacademica\" data-type=\"URL\" data-id=\"https:\/\/www.facebook.com\/Institutodeexcelenciaacademica\" target=\"_blank\" rel=\"noreferrer noopener\"><span class=\"has-inline-color has-white-color\">https:\/\/www.facebook.com\/Institutodeexcelenciaacademica<\/span><\/a><\/figcaption><\/figure>\n\n\n\n<p><\/p>\n\n\n\n<figure class=\"wp-block-gallery has-nested-images columns-default is-cropped wp-block-gallery-1 is-layout-flex wp-block-gallery-is-layout-flex\">\n<figure class=\"wp-block-image size-large\"><img loading=\"lazy\" decoding=\"async\" width=\"910\" height=\"226\" data-id=\"469\" src=\"http:\/\/radiospectro.com\/wp-content\/uploads\/2021\/08\/LABIMED.jpg\" alt=\"\" class=\"wp-image-469\" srcset=\"https:\/\/radiospectro.com\/wp-content\/uploads\/2021\/08\/LABIMED.jpg 910w, https:\/\/radiospectro.com\/wp-content\/uploads\/2021\/08\/LABIMED-300x75.jpg 300w, https:\/\/radiospectro.com\/wp-content\/uploads\/2021\/08\/LABIMED-768x191.jpg 768w\" sizes=\"auto, (max-width: 910px) 100vw, 910px\" \/><figcaption><strong><a href=\"http:\/\/www.labimedcr.com\/\" data-type=\"URL\" data-id=\"http:\/\/www.labimedcr.com\/\" target=\"_blank\" rel=\"noreferrer noopener\"><span class=\"has-inline-color has-white-color\">http:\/\/www.labimedcr.com\/<\/span><\/a><\/strong><\/figcaption><\/figure>\n<\/figure>\n\n\n\n<p class=\"has-white-color has-text-color has-medium-font-size\"><\/p>\n\n\n\n<!-- Messenger plugin del chat Code -->\n    <div id=\"fb-root\"><\/div>\n\n    <!-- Your plugin del chat code -->\n    <div id=\"fb-customer-chat\" class=\"fb-customerchat\">\n    <\/div>\n\n    <script>\n      var chatbox = document.getElementById('fb-customer-chat');\n      chatbox.setAttribute(\"page_id\", \"117349370010609\");\n      chatbox.setAttribute(\"attribution\", \"biz_inbox\");\n    <\/script>\n\n    <!-- Your SDK code -->\n    <script>\n      window.fbAsyncInit = function() {\n        FB.init({\n          xfbml            : true,\n          version          : 'v14.0'\n        });\n      };\n\n      (function(d, s, id) {\n        var js, fjs = d.getElementsByTagName(s)[0];\n        if (d.getElementById(id)) return;\n        js = d.createElement(s); js.id = id;\n        js.src = 'https:\/\/connect.facebook.net\/es_ES\/sdk\/xfbml.customerchat.js';\n        fjs.parentNode.insertBefore(js, fjs);\n      }(document, 'script', 'facebook-jssdk'));\n    <\/script>\n\n\n\n<figure class=\"wp-block-image size-large\"><a href=\"https:\/\/www.facebook.com\/porrasferreteria\" target=\"_blank\" rel=\"noreferrer noopener\"><img loading=\"lazy\" decoding=\"async\" width=\"1024\" height=\"390\" src=\"https:\/\/radiospectro.com\/wp-content\/uploads\/2022\/08\/PORRAS-1024x390.jpg\" alt=\"\" class=\"wp-image-561\" srcset=\"https:\/\/radiospectro.com\/wp-content\/uploads\/2022\/08\/PORRAS-1024x390.jpg 1024w, https:\/\/radiospectro.com\/wp-content\/uploads\/2022\/08\/PORRAS-300x114.jpg 300w, https:\/\/radiospectro.com\/wp-content\/uploads\/2022\/08\/PORRAS-768x292.jpg 768w, https:\/\/radiospectro.com\/wp-content\/uploads\/2022\/08\/PORRAS-1536x584.jpg 1536w, https:\/\/radiospectro.com\/wp-content\/uploads\/2022\/08\/PORRAS.jpg 2000w\" sizes=\"auto, (max-width: 1024px) 100vw, 1024px\" \/><\/a><figcaption><mark style=\"background-color:rgba(0, 0, 0, 0)\" class=\"has-inline-color has-white-color\">TOCA LA IM\u00c1GEN Y ENCONTR\u00c1 TODO EN FERRETER\u00cdA, CONSTRUCCI\u00d3N, REMODELACI\u00d3N Y ACABADOS.<\/mark><\/figcaption><\/figure>\n\n\n\n<figure class=\"wp-block-image size-large\"><a href=\"https:\/\/hotelcabinaseltecal.com\/\" target=\"_blank\" rel=\"noreferrer noopener\"><img loading=\"lazy\" decoding=\"async\" width=\"1024\" height=\"683\" src=\"https:\/\/radiospectro.com\/wp-content\/uploads\/2022\/08\/Tecal-1024x683.jpg\" alt=\"\" class=\"wp-image-564\" srcset=\"https:\/\/radiospectro.com\/wp-content\/uploads\/2022\/08\/Tecal-1024x683.jpg 1024w, https:\/\/radiospectro.com\/wp-content\/uploads\/2022\/08\/Tecal-300x200.jpg 300w, https:\/\/radiospectro.com\/wp-content\/uploads\/2022\/08\/Tecal-768x512.jpg 768w, https:\/\/radiospectro.com\/wp-content\/uploads\/2022\/08\/Tecal-1536x1024.jpg 1536w, https:\/\/radiospectro.com\/wp-content\/uploads\/2022\/08\/Tecal.jpg 2048w\" sizes=\"auto, (max-width: 1024px) 100vw, 1024px\" \/><\/a><figcaption><mark style=\"background-color:rgba(0, 0, 0, 0)\" class=\"has-inline-color has-white-color\">HOTEL Y CABINAS EL TECAL, UN PARA\u00cdSO EN EL PAC\u00cdFICO SUR DE COSTA RICA, TOCA LA IM\u00c1GEN Y CONOCE M\u00c1S!!!<\/mark><\/figcaption><\/figure>\n\n\n\n<figure class=\"wp-block-image size-large\"><a href=\"https:\/\/greatv.info\/\" target=\"_blank\" rel=\"noreferrer noopener\"><img loading=\"lazy\" decoding=\"async\" width=\"1024\" height=\"379\" src=\"https:\/\/radiospectro.com\/wp-content\/uploads\/2022\/08\/GREATV-1024x379.jpg\" alt=\"\" class=\"wp-image-567\" srcset=\"https:\/\/radiospectro.com\/wp-content\/uploads\/2022\/08\/GREATV-1024x379.jpg 1024w, https:\/\/radiospectro.com\/wp-content\/uploads\/2022\/08\/GREATV-300x111.jpg 300w, https:\/\/radiospectro.com\/wp-content\/uploads\/2022\/08\/GREATV-768x285.jpg 768w, https:\/\/radiospectro.com\/wp-content\/uploads\/2022\/08\/GREATV-1536x569.jpg 1536w, https:\/\/radiospectro.com\/wp-content\/uploads\/2022\/08\/GREATV.jpg 1814w\" sizes=\"auto, (max-width: 1024px) 100vw, 1024px\" \/><\/a><figcaption><mark style=\"background-color:rgba(0, 0, 0, 0)\" class=\"has-inline-color has-white-color\">TOCA LA IM\u00c1GEN Y  ACCEDE A LA TELEVISI\u00d3N DE LA NUEVA ERA, CONTENIDO SIN L\u00cdMITES.<\/mark><\/figcaption><\/figure>\n\n\n\n<figure class=\"wp-block-image size-full\"><a href=\"https:\/\/www.facebook.com\/opticasveo11\/\" target=\"_blank\" rel=\"noreferrer noopener\"><img loading=\"lazy\" decoding=\"async\" width=\"851\" height=\"315\" src=\"https:\/\/radiospectro.com\/wp-content\/uploads\/2022\/10\/OV.png\" alt=\"\" class=\"wp-image-583\" srcset=\"https:\/\/radiospectro.com\/wp-content\/uploads\/2022\/10\/OV.png 851w, https:\/\/radiospectro.com\/wp-content\/uploads\/2022\/10\/OV-300x111.png 300w, https:\/\/radiospectro.com\/wp-content\/uploads\/2022\/10\/OV-768x284.png 768w\" sizes=\"auto, (max-width: 851px) 100vw, 851px\" \/><\/a><figcaption><mark style=\"background-color:#000000\" class=\"has-inline-color has-white-color\">TOCA LA IMAGEN, VE AL FACEBOOK DE OPTICA VEO Y CONOCE SUS MAGNIFICAS PROMOCIONES<\/mark><\/figcaption><\/figure>\n","protected":false},"excerpt":{"rendered":"","protected":false},"author":2,"featured_media":0,"parent":0,"menu_order":0,"comment_status":"closed","ping_status":"closed","template":"","meta":{"footnotes":""},"class_list":["post-105","page","type-page","status-publish","hentry"],"_links":{"self":[{"href":"https:\/\/radiospectro.com\/index.php\/wp-json\/wp\/v2\/pages\/105","targetHints":{"allow":["GET"]}}],"collection":[{"href":"https:\/\/radiospectro.com\/index.php\/wp-json\/wp\/v2\/pages"}],"about":[{"href":"https:\/\/radiospectro.com\/index.php\/wp-json\/wp\/v2\/types\/page"}],"author":[{"embeddable":true,"href":"https:\/\/radiospectro.com\/index.php\/wp-json\/wp\/v2\/users\/2"}],"replies":[{"embeddable":true,"href":"https:\/\/radiospectro.com\/index.php\/wp-json\/wp\/v2\/comments?post=105"}],"version-history":[{"count":51,"href":"https:\/\/radiospectro.com\/index.php\/wp-json\/wp\/v2\/pages\/105\/revisions"}],"predecessor-version":[{"id":585,"href":"https:\/\/radiospectro.com\/index.php\/wp-json\/wp\/v2\/pages\/105\/revisions\/585"}],"wp:attachment":[{"href":"https:\/\/radiospectro.com\/index.php\/wp-json\/wp\/v2\/media?parent=105"}],"curies":[{"name":"wp","href":"https:\/\/api.w.org\/{rel}","templated":true}]}}